{"id":707,"date":"2026-04-23T18:49:23","date_gmt":"2026-04-23T16:49:23","guid":{"rendered":"https:\/\/krakti.eu\/?post_type=product&#038;p=707"},"modified":"2026-04-23T19:01:13","modified_gmt":"2026-04-23T17:01:13","slug":"yawanawa-rape-tsunu-by-rumuh-yawanawa-very-strong","status":"publish","type":"product","link":"https:\/\/krakti.eu\/nl\/product\/yawanawa-rape-tsunu-by-rumuh-yawanawa-very-strong\/","title":{"rendered":"Yawanaw\u00e1 Rap\u00e9 \u2013 Tsunu (by Rumuh Yawanaw\u00e1) &#8211; Very Strong"},"content":{"rendered":"<p class=\"my-2 [&amp;+p]:mt-4 [&amp;_strong:has(+br)]:inline-block [&amp;_strong:has(+br)]:pb-2\">Yawanaw\u00e1 Rap\u00e9 \u2013 Tsunu (by Rumuh Yawanaw\u00e1) &#8211; Very Strong<\/p>\n<p class=\"my-2 [&amp;+p]:mt-4 [&amp;_strong:has(+br)]:inline-block [&amp;_strong:has(+br)]:pb-2\">This Tsunu rap\u00e9 comes directly from the Yawanaw\u00e1 people of the Brazilian Amazon and was bought personally, and directly from Rumuh during a dieta in the village. It is prepared by Rumuh Yawanaw\u00e1, son of the respected leader and paj\u00e9 Hushahu, carrying forward a strong lineage of tradition and knowledge.<\/p>\n<p class=\"my-2 [&amp;+p]:mt-4 [&amp;_strong:has(+br)]:inline-block [&amp;_strong:has(+br)]:pb-2\">Made with sacred tobacco and Tsunu ash, this blend is known for its balanced, steady character. Tsunu (from the bark of a native Amazonian tree) is traditionally used to support grounding and clarity. The result is a rap\u00e9 that feels centering and focused, with a smooth yet present strength.<\/p>\n<p class=\"my-2 [&amp;+p]:mt-4 [&amp;_strong:has(+br)]:inline-block [&amp;_strong:has(+br)]:pb-2\">Prepared in small batches with intention, this rap\u00e9 reflects the Yawanaw\u00e1 way of working\u2014rooted in ritual, respect for the forest, and connection to spirit. Each batch may carry slight variations, as is natural with handmade preparations.<\/p>\n<p class=\"my-2 [&amp;+p]:mt-4 [&amp;_strong:has(+br)]:inline-block [&amp;_strong:has(+br)]:pb-2\">This is a traditional, ceremonial product, offered with respect to its origin and the people who make it.<\/p>\n<hr class=\"bg-quiet h-px border-0\" \/>\n<p class=\"my-2 [&amp;+p]:mt-4 [&amp;_strong:has(+br)]:inline-block [&amp;_strong:has(+br)]:pb-2\">Yawanaw\u00e1 Rap\u00e9 \u2013 Tsunu (door Rumuh Yawanaw\u00e1)<\/p>\n<p class=\"my-2 [&amp;+p]:mt-4 [&amp;_strong:has(+br)]:inline-block [&amp;_strong:has(+br)]:pb-2\">Deze Tsunu rap\u00e9 komt rechtstreeks van het Yawanaw\u00e1 volk uit het Braziliaanse Amazonegebied en is persoonlijk gekochyt, direct bij Rumuh tijdens een dieta in het dorp. De rap\u00e9 is bereid door Rumuh Yawanaw\u00e1, zoon van de gerespecteerde leider en paj\u00e9 Hushahu, en draagt daarmee een sterke lijn van traditie en kennis.<\/p>\n<p class=\"my-2 [&amp;+p]:mt-4 [&amp;_strong:has(+br)]:inline-block [&amp;_strong:has(+br)]:pb-2\">Gemaakt van heilige tabak en Tsunu-as, staat deze blend bekend om zijn gebalanceerde en stabiele karakter. Tsunu (afkomstig van de schors van een inheemse boom uit het Amazonegebied) wordt traditioneel gebruikt voor aarding en helderheid. Het resultaat is een rap\u00e9 die centrering en focus ondersteunt, met een zachte maar duidelijke kracht.<\/p>\n<p class=\"my-2 [&amp;+p]:mt-4 [&amp;_strong:has(+br)]:inline-block [&amp;_strong:has(+br)]:pb-2\">In kleine hoeveelheden en met intentie bereid, weerspiegelt deze rap\u00e9 de werkwijze van de Yawanaw\u00e1\u2014geworteld in ritueel, respect voor het bos en verbinding met spirit. Elke batch kan licht vari\u00ebren, zoals gebruikelijk is bij ambachtelijke bereidingen.<\/p>\n<p class=\"my-2 [&amp;+p]:mt-4 [&amp;_strong:has(+br)]:inline-block [&amp;_strong:has(+br)]:pb-2\">Dit is een traditioneel ceremonieel product, aangeboden met respect voor de oorsprong en de mensen die het maken.<\/p>\n","protected":false},"excerpt":{"rendered":"<p>Yawanaw\u00e1 Rap\u00e9 \u2013 Tsunu (by Rumuh Yawanaw\u00e1) &#8211; Very Strong This Tsunu rap\u00e9 comes directly from the Yawanaw\u00e1 people of [&hellip;]<\/p>\n","protected":false},"featured_media":0,"comment_status":"open","ping_status":"closed","template":"","meta":{"site-sidebar-layout":"default","site-content-layout":"","ast-site-content-layout":"default","site-content-style":"default","site-sidebar-style":"default","ast-global-header-display":"","ast-banner-title-visibility":"","ast-main-header-display":"","ast-hfb-above-header-display":"","ast-hfb-below-header-display":"","ast-hfb-mobile-header-display":"","site-post-title":"","ast-breadcrumbs-content":"","ast-featured-img":"","footer-sml-layout":"","theme-transparent-header-meta":"default","adv-header-id-meta":"","stick-header-meta":"","header-above-stick-meta":"","header-main-stick-meta":"","header-below-stick-meta":"","astra-migrate-meta-layouts":"set","ast-page-background-enabled":"default","ast-page-background-meta":{"desktop":{"background-color":"var(--ast-global-color-5)","background-image":"","background-repeat":"repeat","background-position":"center center","background-size":"auto","background-attachment":"scroll","background-type":"","background-media":"","overlay-type":"","overlay-color":"","overlay-opacity":"","overlay-gradient":""},"tablet":{"background-color":"","background-image":"","background-repeat":"repeat","background-position":"center center","background-size":"auto","background-attachment":"scroll","background-type":"","background-media":"","overlay-type":"","overlay-color":"","overlay-opacity":"","overlay-gradient":""},"mobile":{"background-color":"","background-image":"","background-repeat":"repeat","background-position":"center center","background-size":"auto","background-attachment":"scroll","background-type":"","background-media":"","overlay-type":"","overlay-color":"","overlay-opacity":"","overlay-gradient":""}},"ast-content-background-meta":{"desktop":{"background-color":"var(--ast-global-color-4)","background-image":"","background-repeat":"repeat","background-position":"center center","background-size":"auto","background-attachment":"scroll","background-type":"","background-media":"","overlay-type":"","overlay-color":"","overlay-opacity":"","overlay-gradient":""},"tablet":{"background-color":"var(--ast-global-color-4)","background-image":"","background-repeat":"repeat","background-position":"center center","background-size":"auto","background-attachment":"scroll","background-type":"","background-media":"","overlay-type":"","overlay-color":"","overlay-opacity":"","overlay-gradient":""},"mobile":{"background-color":"var(--ast-global-color-4)","background-image":"","background-repeat":"repeat","background-position":"center center","background-size":"auto","background-attachment":"scroll","background-type":"","background-media":"","overlay-type":"","overlay-color":"","overlay-opacity":"","overlay-gradient":""}}},"product_brand":[],"product_cat":[27],"product_tag":[40,29,41,25,43,42],"class_list":{"0":"post-707","1":"product","2":"type-product","3":"status-publish","5":"product_cat-hapey-rape","6":"product_tag-hapey","7":"product_tag-rape","8":"product_tag-sacred-snuff","9":"product_tag-supplements","10":"product_tag-tsunu","11":"product_tag-yawanawa","12":"desktop-align-left","13":"tablet-align-left","14":"mobile-align-left","16":"first","17":"instock","18":"shipping-taxable","19":"purchasable","20":"product-type-variable"},"yoast_head":"<!-- This site is optimized with the Yoast SEO plugin v27.4 - https:\/\/yoast.com\/product\/yoast-seo-wordpress\/ -->\n<title>Yawanaw\u00e1 Rap\u00e9 \u2013 Tsunu (by Rumuh Yawanaw\u00e1) - Very Strong - KRAKTI<\/title>\n<meta name=\"robots\" content=\"index, follow, max-snippet:-1, max-image-preview:large, max-video-preview:-1\" \/>\n<link rel=\"canonical\" href=\"https:\/\/krakti.eu\/nl\/product\/yawanawa-rape-tsunu-by-rumuh-yawanawa-very-strong\/\" \/>\n<meta property=\"og:locale\" content=\"nl_NL\" \/>\n<meta property=\"og:type\" content=\"article\" \/>\n<meta property=\"og:title\" content=\"Yawanaw\u00e1 Rap\u00e9 \u2013 Tsunu (by Rumuh Yawanaw\u00e1) - Very Strong - KRAKTI\" \/>\n<meta property=\"og:description\" content=\"Yawanaw\u00e1 Rap\u00e9 \u2013 Tsunu (by Rumuh Yawanaw\u00e1) &#8211; Very Strong This Tsunu rap\u00e9 comes directly from the Yawanaw\u00e1 people of [&hellip;]\" \/>\n<meta property=\"og:url\" content=\"https:\/\/krakti.eu\/nl\/product\/yawanawa-rape-tsunu-by-rumuh-yawanawa-very-strong\/\" \/>\n<meta property=\"og:site_name\" content=\"KRAKTI\" \/>\n<meta property=\"article:modified_time\" content=\"2026-04-23T17:01:13+00:00\" \/>\n<meta name=\"twitter:card\" content=\"summary_large_image\" \/>\n<meta name=\"twitter:label1\" content=\"Est. reading time\" \/>\n\t<meta name=\"twitter:data1\" content=\"2 minuten\" \/>\n<script type=\"application\/ld+json\" class=\"yoast-schema-graph\">{\"@context\":\"https:\\\/\\\/schema.org\",\"@graph\":[{\"@type\":\"WebPage\",\"@id\":\"https:\\\/\\\/krakti.eu\\\/product\\\/yawanawa-rape-tsunu-by-rumuh-yawanawa-very-strong\\\/\",\"url\":\"https:\\\/\\\/krakti.eu\\\/product\\\/yawanawa-rape-tsunu-by-rumuh-yawanawa-very-strong\\\/\",\"name\":\"Yawanaw\u00e1 Rap\u00e9 \u2013 Tsunu (by Rumuh Yawanaw\u00e1) - Very Strong - KRAKTI\",\"isPartOf\":{\"@id\":\"https:\\\/\\\/krakti.eu\\\/#website\"},\"datePublished\":\"2026-04-23T16:49:23+00:00\",\"dateModified\":\"2026-04-23T17:01:13+00:00\",\"breadcrumb\":{\"@id\":\"https:\\\/\\\/krakti.eu\\\/product\\\/yawanawa-rape-tsunu-by-rumuh-yawanawa-very-strong\\\/#breadcrumb\"},\"inLanguage\":\"nl-NL\",\"potentialAction\":[{\"@type\":\"ReadAction\",\"target\":[\"https:\\\/\\\/krakti.eu\\\/product\\\/yawanawa-rape-tsunu-by-rumuh-yawanawa-very-strong\\\/\"]}]},{\"@type\":\"BreadcrumbList\",\"@id\":\"https:\\\/\\\/krakti.eu\\\/product\\\/yawanawa-rape-tsunu-by-rumuh-yawanawa-very-strong\\\/#breadcrumb\",\"itemListElement\":[{\"@type\":\"ListItem\",\"position\":1,\"name\":\"Home\",\"item\":\"https:\\\/\\\/krakti.eu\\\/\"},{\"@type\":\"ListItem\",\"position\":2,\"name\":\"Shop\",\"item\":\"https:\\\/\\\/krakti.eu\\\/shop\\\/\"},{\"@type\":\"ListItem\",\"position\":3,\"name\":\"Yawanaw\u00e1 Rap\u00e9 \u2013 Tsunu (by Rumuh Yawanaw\u00e1) &#8211; Very Strong\"}]},{\"@type\":\"WebSite\",\"@id\":\"https:\\\/\\\/krakti.eu\\\/#website\",\"url\":\"https:\\\/\\\/krakti.eu\\\/\",\"name\":\"KRAKTI\",\"description\":\"Private Psilocybin Retreat in Amsterdam\",\"publisher\":{\"@id\":\"https:\\\/\\\/krakti.eu\\\/#organization\"},\"potentialAction\":[{\"@type\":\"SearchAction\",\"target\":{\"@type\":\"EntryPoint\",\"urlTemplate\":\"https:\\\/\\\/krakti.eu\\\/?s={search_term_string}\"},\"query-input\":{\"@type\":\"PropertyValueSpecification\",\"valueRequired\":true,\"valueName\":\"search_term_string\"}}],\"inLanguage\":\"nl-NL\"},{\"@type\":\"Organization\",\"@id\":\"https:\\\/\\\/krakti.eu\\\/#organization\",\"name\":\"KRAKTI\",\"url\":\"https:\\\/\\\/krakti.eu\\\/\",\"logo\":{\"@type\":\"ImageObject\",\"inLanguage\":\"nl-NL\",\"@id\":\"https:\\\/\\\/krakti.eu\\\/#\\\/schema\\\/logo\\\/image\\\/\",\"url\":\"https:\\\/\\\/krakti.eu\\\/wp-content\\\/uploads\\\/2025\\\/09\\\/Logo-square18-e1759235045940.png\",\"contentUrl\":\"https:\\\/\\\/krakti.eu\\\/wp-content\\\/uploads\\\/2025\\\/09\\\/Logo-square18-e1759235045940.png\",\"width\":706,\"height\":1080,\"caption\":\"KRAKTI \"},\"image\":{\"@id\":\"https:\\\/\\\/krakti.eu\\\/#\\\/schema\\\/logo\\\/image\\\/\"}}]}<\/script>\n<!-- \/ Yoast SEO plugin. -->","yoast_head_json":{"title":"Yawanaw\u00e1 Rap\u00e9 \u2013 Tsunu (by Rumuh Yawanaw\u00e1) - Very Strong - KRAKTI","robots":{"index":"index","follow":"follow","max-snippet":"max-snippet:-1","max-image-preview":"max-image-preview:large","max-video-preview":"max-video-preview:-1"},"canonical":"https:\/\/krakti.eu\/nl\/product\/yawanawa-rape-tsunu-by-rumuh-yawanawa-very-strong\/","og_locale":"nl_NL","og_type":"article","og_title":"Yawanaw\u00e1 Rap\u00e9 \u2013 Tsunu (by Rumuh Yawanaw\u00e1) - Very Strong - KRAKTI","og_description":"Yawanaw\u00e1 Rap\u00e9 \u2013 Tsunu (by Rumuh Yawanaw\u00e1) &#8211; Very Strong This Tsunu rap\u00e9 comes directly from the Yawanaw\u00e1 people of [&hellip;]","og_url":"https:\/\/krakti.eu\/nl\/product\/yawanawa-rape-tsunu-by-rumuh-yawanawa-very-strong\/","og_site_name":"KRAKTI","article_modified_time":"2026-04-23T17:01:13+00:00","twitter_card":"summary_large_image","twitter_misc":{"Est. reading time":"2 minuten"},"schema":{"@context":"https:\/\/schema.org","@graph":[{"@type":"WebPage","@id":"https:\/\/krakti.eu\/product\/yawanawa-rape-tsunu-by-rumuh-yawanawa-very-strong\/","url":"https:\/\/krakti.eu\/product\/yawanawa-rape-tsunu-by-rumuh-yawanawa-very-strong\/","name":"Yawanaw\u00e1 Rap\u00e9 \u2013 Tsunu (by Rumuh Yawanaw\u00e1) - Very Strong - KRAKTI","isPartOf":{"@id":"https:\/\/krakti.eu\/#website"},"datePublished":"2026-04-23T16:49:23+00:00","dateModified":"2026-04-23T17:01:13+00:00","breadcrumb":{"@id":"https:\/\/krakti.eu\/product\/yawanawa-rape-tsunu-by-rumuh-yawanawa-very-strong\/#breadcrumb"},"inLanguage":"nl-NL","potentialAction":[{"@type":"ReadAction","target":["https:\/\/krakti.eu\/product\/yawanawa-rape-tsunu-by-rumuh-yawanawa-very-strong\/"]}]},{"@type":"BreadcrumbList","@id":"https:\/\/krakti.eu\/product\/yawanawa-rape-tsunu-by-rumuh-yawanawa-very-strong\/#breadcrumb","itemListElement":[{"@type":"ListItem","position":1,"name":"Home","item":"https:\/\/krakti.eu\/"},{"@type":"ListItem","position":2,"name":"Shop","item":"https:\/\/krakti.eu\/shop\/"},{"@type":"ListItem","position":3,"name":"Yawanaw\u00e1 Rap\u00e9 \u2013 Tsunu (by Rumuh Yawanaw\u00e1) &#8211; Very Strong"}]},{"@type":"WebSite","@id":"https:\/\/krakti.eu\/#website","url":"https:\/\/krakti.eu\/","name":"KRAKTI","description":"Private Psilocybin Retreat in Amsterdam","publisher":{"@id":"https:\/\/krakti.eu\/#organization"},"potentialAction":[{"@type":"SearchAction","target":{"@type":"EntryPoint","urlTemplate":"https:\/\/krakti.eu\/?s={search_term_string}"},"query-input":{"@type":"PropertyValueSpecification","valueRequired":true,"valueName":"search_term_string"}}],"inLanguage":"nl-NL"},{"@type":"Organization","@id":"https:\/\/krakti.eu\/#organization","name":"KRAKTI","url":"https:\/\/krakti.eu\/","logo":{"@type":"ImageObject","inLanguage":"nl-NL","@id":"https:\/\/krakti.eu\/#\/schema\/logo\/image\/","url":"https:\/\/krakti.eu\/wp-content\/uploads\/2025\/09\/Logo-square18-e1759235045940.png","contentUrl":"https:\/\/krakti.eu\/wp-content\/uploads\/2025\/09\/Logo-square18-e1759235045940.png","width":706,"height":1080,"caption":"KRAKTI "},"image":{"@id":"https:\/\/krakti.eu\/#\/schema\/logo\/image\/"}}]}},"jetpack_sharing_enabled":true,"_links":{"self":[{"href":"https:\/\/krakti.eu\/nl\/wp-json\/wp\/v2\/product\/707","targetHints":{"allow":["GET"]}}],"collection":[{"href":"https:\/\/krakti.eu\/nl\/wp-json\/wp\/v2\/product"}],"about":[{"href":"https:\/\/krakti.eu\/nl\/wp-json\/wp\/v2\/types\/product"}],"replies":[{"embeddable":true,"href":"https:\/\/krakti.eu\/nl\/wp-json\/wp\/v2\/comments?post=707"}],"wp:attachment":[{"href":"https:\/\/krakti.eu\/nl\/wp-json\/wp\/v2\/media?parent=707"}],"wp:term":[{"taxonomy":"product_brand","embeddable":true,"href":"https:\/\/krakti.eu\/nl\/wp-json\/wp\/v2\/product_brand?post=707"},{"taxonomy":"product_cat","embeddable":true,"href":"https:\/\/krakti.eu\/nl\/wp-json\/wp\/v2\/product_cat?post=707"},{"taxonomy":"product_tag","embeddable":true,"href":"https:\/\/krakti.eu\/nl\/wp-json\/wp\/v2\/product_tag?post=707"}],"curies":[{"name":"wp","href":"https:\/\/api.w.org\/{rel}","templated":true}]}}